{"id":3755,"date":"2020-07-30T11:45:41","date_gmt":"2020-07-30T11:45:41","guid":{"rendered":"https:\/\/11fountains.nl\/ontstaan\/"},"modified":"2021-03-03T14:51:22","modified_gmt":"2021-03-03T14:51:22","slug":"entstehung","status":"publish","type":"page","link":"https:\/\/11fountains.nl\/de\/entstehung\/","title":{"rendered":"Entstehung"},"content":{"rendered":"\n<p>\u201c11fountains\u201d ist eines der wichtigsten Kunstprojekte von Leeuwarden-Frysl\u00e2n 2018, der Kulturhauptstadt Europas und ist ein neues kulturelles Erbe. Das Projekt wird von der Provinz Frysl\u00e2n, Merk Frysl\u00e2n und den sechs beteiligten Gemeinden unterst\u00fctzt: Leeuwarden, S\u00fadwest-Frysl\u00e2n, Noardeast-Frysl\u00e2n, Waadhoeke, Harlingen und De Fryske Marren.<\/p>\n","protected":false},"excerpt":{"rendered":"<p>\u201c11fountains\u201d ist eines der wichtigsten Kunstprojekte von Leeuwarden-Frysl\u00e2n 2018, der Kulturhauptstadt Europas und ist ein neues kulturelles Erbe. Das Projekt &#8230;<\/p>\n","protected":false},"author":1,"featured_media":2543,"parent":0,"menu_order":19,"comment_status":"closed","ping_status":"closed","template":"archive-ontstaan.php","meta":{"_acf_changed":false,"footnotes":""},"class_list":["post-3755","page","type-page","status-publish","has-post-thumbnail","hentry"],"acf":[],"yoast_head":"<!-- This site is optimized with the Yoast SEO plugin v27.4 - https:\/\/yoast.com\/product\/yoast-seo-wordpress\/ -->\n<title>Entstehung - 11fountains<\/title>\n<meta name=\"robots\" content=\"index, follow, max-snippet:-1, max-image-preview:large, max-video-preview:-1\" \/>\n<link rel=\"canonical\" href=\"https:\/\/11fountains.nl\/de\/entstehung\/\" \/>\n<meta property=\"og:locale\" content=\"de_DE\" \/>\n<meta property=\"og:type\" content=\"article\" \/>\n<meta property=\"og:title\" content=\"Entstehung - 11fountains\" \/>\n<meta property=\"og:description\" content=\"\u201c11fountains\u201d ist eines der wichtigsten Kunstprojekte von Leeuwarden-Frysl\u00e2n 2018, der Kulturhauptstadt Europas und ist ein neues kulturelles Erbe. Das Projekt ...\" \/>\n<meta property=\"og:url\" content=\"https:\/\/11fountains.nl\/de\/entstehung\/\" \/>\n<meta property=\"og:site_name\" content=\"11fountains\" \/>\n<meta property=\"article:publisher\" content=\"https:\/\/www.facebook.com\/11Fountains\" \/>\n<meta property=\"article:modified_time\" content=\"2021-03-03T14:51:22+00:00\" \/>\n<meta property=\"og:image\" content=\"https:\/\/11fountains.nl\/wp-content\/uploads\/2020\/08\/IJlst3-scaled.jpg\" \/>\n\t<meta property=\"og:image:width\" content=\"2560\" \/>\n\t<meta property=\"og:image:height\" content=\"1709\" \/>\n\t<meta property=\"og:image:type\" content=\"image\/jpeg\" \/>\n<meta name=\"twitter:card\" content=\"summary_large_image\" \/>\n<script type=\"application\/ld+json\" class=\"yoast-schema-graph\">{\"@context\":\"https:\\\/\\\/schema.org\",\"@graph\":[{\"@type\":\"WebPage\",\"@id\":\"https:\\\/\\\/11fountains.nl\\\/de\\\/entstehung\\\/\",\"url\":\"https:\\\/\\\/11fountains.nl\\\/de\\\/entstehung\\\/\",\"name\":\"Entstehung - 11fountains\",\"isPartOf\":{\"@id\":\"https:\\\/\\\/11fountains.nl\\\/#website\"},\"primaryImageOfPage\":{\"@id\":\"https:\\\/\\\/11fountains.nl\\\/de\\\/entstehung\\\/#primaryimage\"},\"image\":{\"@id\":\"https:\\\/\\\/11fountains.nl\\\/de\\\/entstehung\\\/#primaryimage\"},\"thumbnailUrl\":\"https:\\\/\\\/11fountains.nl\\\/wp-content\\\/uploads\\\/2020\\\/08\\\/IJlst3-scaled.jpg\",\"datePublished\":\"2020-07-30T11:45:41+00:00\",\"dateModified\":\"2021-03-03T14:51:22+00:00\",\"breadcrumb\":{\"@id\":\"https:\\\/\\\/11fountains.nl\\\/de\\\/entstehung\\\/#breadcrumb\"},\"inLanguage\":\"de\",\"potentialAction\":[{\"@type\":\"ReadAction\",\"target\":[\"https:\\\/\\\/11fountains.nl\\\/de\\\/entstehung\\\/\"]}]},{\"@type\":\"ImageObject\",\"inLanguage\":\"de\",\"@id\":\"https:\\\/\\\/11fountains.nl\\\/de\\\/entstehung\\\/#primaryimage\",\"url\":\"https:\\\/\\\/11fountains.nl\\\/wp-content\\\/uploads\\\/2020\\\/08\\\/IJlst3-scaled.jpg\",\"contentUrl\":\"https:\\\/\\\/11fountains.nl\\\/wp-content\\\/uploads\\\/2020\\\/08\\\/IJlst3-scaled.jpg\",\"width\":2560,\"height\":1709,\"caption\":\"\u00a9foto: Hoge Noorden \\\/ Jacob van Essen foto dd 14-06-2018 LF2018 IJlst \\\/ fontein 11fountains Onsterfelijke Bloemen \u00d0 Rikka Shinji Ohmaki IJLST\"},{\"@type\":\"BreadcrumbList\",\"@id\":\"https:\\\/\\\/11fountains.nl\\\/de\\\/entstehung\\\/#breadcrumb\",\"itemListElement\":[{\"@type\":\"ListItem\",\"position\":1,\"name\":\"Home\",\"item\":\"https:\\\/\\\/11fountains.nl\\\/de\\\/\"},{\"@type\":\"ListItem\",\"position\":2,\"name\":\"Entstehung\"}]},{\"@type\":\"WebSite\",\"@id\":\"https:\\\/\\\/11fountains.nl\\\/#website\",\"url\":\"https:\\\/\\\/11fountains.nl\\\/\",\"name\":\"11fountains\",\"description\":\"- Europas gr\u00f6\u00dfter Skulpturengarten in Friesland\",\"publisher\":{\"@id\":\"https:\\\/\\\/11fountains.nl\\\/#organization\"},\"potentialAction\":[{\"@type\":\"SearchAction\",\"target\":{\"@type\":\"EntryPoint\",\"urlTemplate\":\"https:\\\/\\\/11fountains.nl\\\/?s={search_term_string}\"},\"query-input\":{\"@type\":\"PropertyValueSpecification\",\"valueRequired\":true,\"valueName\":\"search_term_string\"}}],\"inLanguage\":\"de\"},{\"@type\":\"Organization\",\"@id\":\"https:\\\/\\\/11fountains.nl\\\/#organization\",\"name\":\"11fountains\",\"url\":\"https:\\\/\\\/11fountains.nl\\\/\",\"logo\":{\"@type\":\"ImageObject\",\"inLanguage\":\"de\",\"@id\":\"https:\\\/\\\/11fountains.nl\\\/#\\\/schema\\\/logo\\\/image\\\/\",\"url\":\"https:\\\/\\\/11fountains.nl\\\/wp-content\\\/uploads\\\/2023\\\/07\\\/11f_beeldmerkmerk.png\",\"contentUrl\":\"https:\\\/\\\/11fountains.nl\\\/wp-content\\\/uploads\\\/2023\\\/07\\\/11f_beeldmerkmerk.png\",\"width\":354,\"height\":465,\"caption\":\"11fountains\"},\"image\":{\"@id\":\"https:\\\/\\\/11fountains.nl\\\/#\\\/schema\\\/logo\\\/image\\\/\"},\"sameAs\":[\"https:\\\/\\\/www.facebook.com\\\/11Fountains\",\"https:\\\/\\\/instagram.com\\\/11fountains\"]}]}<\/script>\n<!-- \/ Yoast SEO plugin. -->","yoast_head_json":{"title":"Entstehung - 11fountains","robots":{"index":"index","follow":"follow","max-snippet":"max-snippet:-1","max-image-preview":"max-image-preview:large","max-video-preview":"max-video-preview:-1"},"canonical":"https:\/\/11fountains.nl\/de\/entstehung\/","og_locale":"de_DE","og_type":"article","og_title":"Entstehung - 11fountains","og_description":"\u201c11fountains\u201d ist eines der wichtigsten Kunstprojekte von Leeuwarden-Frysl\u00e2n 2018, der Kulturhauptstadt Europas und ist ein neues kulturelles Erbe. Das Projekt ...","og_url":"https:\/\/11fountains.nl\/de\/entstehung\/","og_site_name":"11fountains","article_publisher":"https:\/\/www.facebook.com\/11Fountains","article_modified_time":"2021-03-03T14:51:22+00:00","og_image":[{"width":2560,"height":1709,"url":"https:\/\/11fountains.nl\/wp-content\/uploads\/2020\/08\/IJlst3-scaled.jpg","type":"image\/jpeg"}],"twitter_card":"summary_large_image","schema":{"@context":"https:\/\/schema.org","@graph":[{"@type":"WebPage","@id":"https:\/\/11fountains.nl\/de\/entstehung\/","url":"https:\/\/11fountains.nl\/de\/entstehung\/","name":"Entstehung - 11fountains","isPartOf":{"@id":"https:\/\/11fountains.nl\/#website"},"primaryImageOfPage":{"@id":"https:\/\/11fountains.nl\/de\/entstehung\/#primaryimage"},"image":{"@id":"https:\/\/11fountains.nl\/de\/entstehung\/#primaryimage"},"thumbnailUrl":"https:\/\/11fountains.nl\/wp-content\/uploads\/2020\/08\/IJlst3-scaled.jpg","datePublished":"2020-07-30T11:45:41+00:00","dateModified":"2021-03-03T14:51:22+00:00","breadcrumb":{"@id":"https:\/\/11fountains.nl\/de\/entstehung\/#breadcrumb"},"inLanguage":"de","potentialAction":[{"@type":"ReadAction","target":["https:\/\/11fountains.nl\/de\/entstehung\/"]}]},{"@type":"ImageObject","inLanguage":"de","@id":"https:\/\/11fountains.nl\/de\/entstehung\/#primaryimage","url":"https:\/\/11fountains.nl\/wp-content\/uploads\/2020\/08\/IJlst3-scaled.jpg","contentUrl":"https:\/\/11fountains.nl\/wp-content\/uploads\/2020\/08\/IJlst3-scaled.jpg","width":2560,"height":1709,"caption":"\u00a9foto: Hoge Noorden \/ Jacob van Essen foto dd 14-06-2018 LF2018 IJlst \/ fontein 11fountains Onsterfelijke Bloemen \u00d0 Rikka Shinji Ohmaki IJLST"},{"@type":"BreadcrumbList","@id":"https:\/\/11fountains.nl\/de\/entstehung\/#breadcrumb","itemListElement":[{"@type":"ListItem","position":1,"name":"Home","item":"https:\/\/11fountains.nl\/de\/"},{"@type":"ListItem","position":2,"name":"Entstehung"}]},{"@type":"WebSite","@id":"https:\/\/11fountains.nl\/#website","url":"https:\/\/11fountains.nl\/","name":"11fountains","description":"- Europas gr\u00f6\u00dfter Skulpturengarten in Friesland","publisher":{"@id":"https:\/\/11fountains.nl\/#organization"},"potentialAction":[{"@type":"SearchAction","target":{"@type":"EntryPoint","urlTemplate":"https:\/\/11fountains.nl\/?s={search_term_string}"},"query-input":{"@type":"PropertyValueSpecification","valueRequired":true,"valueName":"search_term_string"}}],"inLanguage":"de"},{"@type":"Organization","@id":"https:\/\/11fountains.nl\/#organization","name":"11fountains","url":"https:\/\/11fountains.nl\/","logo":{"@type":"ImageObject","inLanguage":"de","@id":"https:\/\/11fountains.nl\/#\/schema\/logo\/image\/","url":"https:\/\/11fountains.nl\/wp-content\/uploads\/2023\/07\/11f_beeldmerkmerk.png","contentUrl":"https:\/\/11fountains.nl\/wp-content\/uploads\/2023\/07\/11f_beeldmerkmerk.png","width":354,"height":465,"caption":"11fountains"},"image":{"@id":"https:\/\/11fountains.nl\/#\/schema\/logo\/image\/"},"sameAs":["https:\/\/www.facebook.com\/11Fountains","https:\/\/instagram.com\/11fountains"]}]}},"_links":{"self":[{"href":"https:\/\/11fountains.nl\/de\/wp-json\/wp\/v2\/pages\/3755","targetHints":{"allow":["GET"]}}],"collection":[{"href":"https:\/\/11fountains.nl\/de\/wp-json\/wp\/v2\/pages"}],"about":[{"href":"https:\/\/11fountains.nl\/de\/wp-json\/wp\/v2\/types\/page"}],"author":[{"embeddable":true,"href":"https:\/\/11fountains.nl\/de\/wp-json\/wp\/v2\/users\/1"}],"replies":[{"embeddable":true,"href":"https:\/\/11fountains.nl\/de\/wp-json\/wp\/v2\/comments?post=3755"}],"version-history":[{"count":3,"href":"https:\/\/11fountains.nl\/de\/wp-json\/wp\/v2\/pages\/3755\/revisions"}],"predecessor-version":[{"id":3991,"href":"https:\/\/11fountains.nl\/de\/wp-json\/wp\/v2\/pages\/3755\/revisions\/3991"}],"wp:featuredmedia":[{"embeddable":true,"href":"https:\/\/11fountains.nl\/de\/wp-json\/wp\/v2\/media\/2543"}],"wp:attachment":[{"href":"https:\/\/11fountains.nl\/de\/wp-json\/wp\/v2\/media?parent=3755"}],"curies":[{"name":"wp","href":"https:\/\/api.w.org\/{rel}","templated":true}]}}